{"id":3813,"date":"2024-01-29T15:34:40","date_gmt":"2024-01-29T13:34:40","guid":{"rendered":"https:\/\/cinardistribution.ro\/?page_id=3813"},"modified":"2025-03-26T11:27:52","modified_gmt":"2025-03-26T09:27:52","slug":"felii-de-branza-cheddar-pentru-burger-88-felii-de-123g","status":"publish","type":"page","link":"https:\/\/cinardistribution.ro\/en\/produse\/felii-de-branza-cheddar-pentru-burger-88-felii-de-123g\/","title":{"rendered":"Felii de branza cheddar pentru burger (88 felii de 12,3g)"},"content":{"rendered":"<div data-elementor-type=\"wp-page\" data-elementor-id=\"3813\" class=\"elementor elementor-3813\">\n\t\t\t\t\t\t<section class=\"elementor-section elementor-top-section elementor-element elementor-element-4f6a11b1 elementor-section-height-min-height elementor-section-boxed elementor-section-height-default elementor-section-items-middle\" data-id=\"4f6a11b1\" data-element_type=\"section\" data-settings=\"{&quot;background_background&quot;:&quot;classic&quot;}\">\n\t\t\t\t\t\t\t<div class=\"elementor-background-overlay\"><\/div>\n\t\t\t\t\t\t\t<div class=\"elementor-container elementor-column-gap-default\">\n\t\t\t\t\t<div class=\"elementor-column elementor-col-100 elementor-top-column elementor-element elementor-element-3eeb867\" data-id=\"3eeb867\" data-element_type=\"column\">\n\t\t\t<div class=\"elementor-widget-wrap elementor-element-populated\">\n\t\t\t\t\t\t<div class=\"elementor-element elementor-element-0847324 elementor-widget-divider--view-line elementor-widget elementor-widget-divider\" data-id=\"0847324\" data-element_type=\"widget\" data-widget_type=\"divider.default\">\n\t\t\t\t<div class=\"elementor-widget-container\">\n\t\t\t<style>\/*! elementor - v3.19.0 - 07-02-2024 *\/\n.elementor-widget-divider{--divider-border-style:none;--divider-border-width:1px;--divider-color:#0c0d0e;--divider-icon-size:20px;--divider-element-spacing:10px;--divider-pattern-height:24px;--divider-pattern-size:20px;--divider-pattern-url:none;--divider-pattern-repeat:repeat-x}.elementor-widget-divider .elementor-divider{display:flex}.elementor-widget-divider .elementor-divider__text{font-size:15px;line-height:1;max-width:95%}.elementor-widget-divider .elementor-divider__element{margin:0 var(--divider-element-spacing);flex-shrink:0}.elementor-widget-divider .elementor-icon{font-size:var(--divider-icon-size)}.elementor-widget-divider .elementor-divider-separator{display:flex;margin:0;direction:ltr}.elementor-widget-divider--view-line_icon .elementor-divider-separator,.elementor-widget-divider--view-line_text .elementor-divider-separator{align-items:center}.elementor-widget-divider--view-line_icon .elementor-divider-separator:after,.elementor-widget-divider--view-line_icon .elementor-divider-separator:before,.elementor-widget-divider--view-line_text .elementor-divider-separator:after,.elementor-widget-divider--view-line_text .elementor-divider-separator:before{display:block;content:\"\";border-block-end:0;flex-grow:1;border-block-start:var(--divider-border-width) var(--divider-border-style) var(--divider-color)}.elementor-widget-divider--element-align-left .elementor-divider .elementor-divider-separator>.elementor-divider__svg:first-of-type{flex-grow:0;flex-shrink:100}.elementor-widget-divider--element-align-left .elementor-divider-separator:before{content:none}.elementor-widget-divider--element-align-left .elementor-divider__element{margin-left:0}.elementor-widget-divider--element-align-right .elementor-divider .elementor-divider-separator>.elementor-divider__svg:last-of-type{flex-grow:0;flex-shrink:100}.elementor-widget-divider--element-align-right .elementor-divider-separator:after{content:none}.elementor-widget-divider--element-align-right .elementor-divider__element{margin-right:0}.elementor-widget-divider--element-align-start .elementor-divider .elementor-divider-separator>.elementor-divider__svg:first-of-type{flex-grow:0;flex-shrink:100}.elementor-widget-divider--element-align-start .elementor-divider-separator:before{content:none}.elementor-widget-divider--element-align-start .elementor-divider__element{margin-inline-start:0}.elementor-widget-divider--element-align-end .elementor-divider .elementor-divider-separator>.elementor-divider__svg:last-of-type{flex-grow:0;flex-shrink:100}.elementor-widget-divider--element-align-end .elementor-divider-separator:after{content:none}.elementor-widget-divider--element-align-end .elementor-divider__element{margin-inline-end:0}.elementor-widget-divider:not(.elementor-widget-divider--view-line_text):not(.elementor-widget-divider--view-line_icon) .elementor-divider-separator{border-block-start:var(--divider-border-width) var(--divider-border-style) var(--divider-color)}.elementor-widget-divider--separator-type-pattern{--divider-border-style:none}.elementor-widget-divider--separator-type-pattern.elementor-widget-divider--view-line .elementor-divider-separator,.elementor-widget-divider--separator-type-pattern:not(.elementor-widget-divider--view-line) .elementor-divider-separator:after,.elementor-widget-divider--separator-type-pattern:not(.elementor-widget-divider--view-line) .elementor-divider-separator:before,.elementor-widget-divider--separator-type-pattern:not([class*=elementor-widget-divider--view]) .elementor-divider-separator{width:100%;min-height:var(--divider-pattern-height);-webkit-mask-size:var(--divider-pattern-size) 100%;mask-size:var(--divider-pattern-size) 100%;-webkit-mask-repeat:var(--divider-pattern-repeat);mask-repeat:var(--divider-pattern-repeat);background-color:var(--divider-color);-webkit-mask-image:var(--divider-pattern-url);mask-image:var(--divider-pattern-url)}.elementor-widget-divider--no-spacing{--divider-pattern-size:auto}.elementor-widget-divider--bg-round{--divider-pattern-repeat:round}.rtl .elementor-widget-divider .elementor-divider__text{direction:rtl}.e-con-inner>.elementor-widget-divider,.e-con>.elementor-widget-divider{width:var(--container-widget-width,100%);--flex-grow:var(--container-widget-flex-grow)}<\/style>\t\t<div class=\"elementor-divider\">\n\t\t\t<span class=\"elementor-divider-separator\">\n\t\t\t\t\t\t<\/span>\n\t\t<\/div>\n\t\t\t\t<\/div>\n\t\t\t\t<\/div>\n\t\t\t\t<div class=\"elementor-element elementor-element-19a52d9 elementor-widget elementor-widget-text-editor\" data-id=\"19a52d9\" data-element_type=\"widget\" data-widget_type=\"text-editor.default\">\n\t\t\t\t<div class=\"elementor-widget-container\">\n\t\t\t<style>\/*! elementor - v3.19.0 - 07-02-2024 *\/\n.elementor-widget-text-editor.elementor-drop-cap-view-stacked .elementor-drop-cap{background-color:#69727d;color:#fff}.elementor-widget-text-editor.elementor-drop-cap-view-framed .elementor-drop-cap{color:#69727d;border:3px solid;background-color:transparent}.elementor-widget-text-editor:not(.elementor-drop-cap-view-default) .elementor-drop-cap{margin-top:8px}.elementor-widget-text-editor:not(.elementor-drop-cap-view-default) .elementor-drop-cap-letter{width:1em;height:1em}.elementor-widget-text-editor .elementor-drop-cap{float:left;text-align:center;line-height:1;font-size:50px}.elementor-widget-text-editor .elementor-drop-cap-letter{display:inline-block}<\/style>\t\t\t\t<p>We source the best products for you.<\/p>\t\t\t\t\t\t<\/div>\n\t\t\t\t<\/div>\n\t\t\t\t<div class=\"elementor-element elementor-element-6353cec elementor-widget elementor-widget-hub_fancy_heading\" data-id=\"6353cec\" data-element_type=\"widget\" data-widget_type=\"hub_fancy_heading.default\">\n\t\t\t\t<div class=\"elementor-widget-container\">\n\t\t\t\n\t\t<div id=\"ld-fancy-heading-69ed0ae2cf831\" class=\"ld-fancy-heading pos-rel\">\n\t\t\t<h1 class=\"ld-fh-element d-inline-block pos-rel  elementor-heading-title lqd-highlight-classic lqd-highlight-grow-left h1\"  > Felii de branza cheddar pentru burger (88 felii de 12,3g)<\/h1>\t\t<\/div>\n\n\t\t\t\t<\/div>\n\t\t\t\t<\/div>\n\t\t\t\t\t<\/div>\n\t\t<\/div>\n\t\t\t\t\t<\/div>\n\t\t<\/section>\n\t\t\t\t<section class=\"elementor-section elementor-top-section elementor-element elementor-element-88fc9fa elementor-section-boxed elementor-section-height-default elementor-section-height-default\" data-id=\"88fc9fa\" data-element_type=\"section\">\n\t\t\t\t\t\t<div class=\"elementor-container elementor-column-gap-default\">\n\t\t\t\t\t<div class=\"elementor-column elementor-col-50 elementor-top-column elementor-element elementor-element-d6a724e\" data-id=\"d6a724e\" data-element_type=\"column\">\n\t\t\t<div class=\"elementor-widget-wrap elementor-element-populated\">\n\t\t\t\t\t\t<div class=\"elementor-element elementor-element-dc9348c elementor-widget elementor-widget-ld_fancy_image\" data-id=\"dc9348c\" data-element_type=\"widget\" data-settings=\"{&quot;sticky&quot;:&quot;top&quot;,&quot;sticky_offset&quot;:140,&quot;sticky_parent&quot;:&quot;yes&quot;,&quot;sticky_on&quot;:[&quot;desktop&quot;,&quot;tablet&quot;,&quot;mobile&quot;],&quot;sticky_effects_offset&quot;:0}\" data-widget_type=\"ld_fancy_image.default\">\n\t\t\t\t<div class=\"elementor-widget-container\">\n\t\t\t\n\t\t<div class=\"lqd-imggrp-single d-block pos-rel\" data-shadow-style=\"1\">\n\t\t\t<div class=\"lqd-imggrp-img-container d-inline-flex pos-rel align-items-center justify-content-center\">\n\t\t\t\t\t\t\t\t<figure class=\"w-100 pos-rel\" data-reveal=\"true\" data-reveal-options=\"{&quot;direction&quot;:&quot;lr&quot;}\">\n\t\t\t\t\t<img fetchpriority=\"high\" decoding=\"async\" width=\"1200\" height=\"1600\" src=\"https:\/\/cinardistribution.ro\/wp-content\/uploads\/2025\/03\/Felii-de-branza-cheddar-pentru-burger-Cinar.png\" class=\"attachment-full size-full wp-image-4020\" alt=\"\" srcset=\"https:\/\/cinardistribution.ro\/wp-content\/uploads\/2025\/03\/Felii-de-branza-cheddar-pentru-burger-Cinar.png 1200w, https:\/\/cinardistribution.ro\/wp-content\/uploads\/2025\/03\/Felii-de-branza-cheddar-pentru-burger-Cinar-225x300.png 225w, https:\/\/cinardistribution.ro\/wp-content\/uploads\/2025\/03\/Felii-de-branza-cheddar-pentru-burger-Cinar-768x1024.png 768w, https:\/\/cinardistribution.ro\/wp-content\/uploads\/2025\/03\/Felii-de-branza-cheddar-pentru-burger-Cinar-9x12.png 9w, https:\/\/cinardistribution.ro\/wp-content\/uploads\/2025\/03\/Felii-de-branza-cheddar-pentru-burger-Cinar-1152x1536.png 1152w\" sizes=\"(max-width: 1200px) 100vw, 1200px\" \/>\t\t\t\t\t\t\t\t\t\t\t\t\t\t\t\t\t\t\t\t\t\t\t\t\t\t\t\t\t<\/figure>\n\t\t\t<\/div>\n\t\t<\/div>\n\n\t\t\t<\/div>\n\t\t\t\t<\/div>\n\t\t\t\t\t<\/div>\n\t\t<\/div>\n\t\t\t\t<div class=\"elementor-column elementor-col-50 elementor-top-column elementor-element elementor-element-30e3354\" data-id=\"30e3354\" data-element_type=\"column\">\n\t\t\t<div class=\"elementor-widget-wrap elementor-element-populated\">\n\t\t\t\t\t\t<div class=\"elementor-element elementor-element-d3fbe8d elementor-widget-divider--view-line elementor-widget elementor-widget-divider\" data-id=\"d3fbe8d\" data-element_type=\"widget\" data-widget_type=\"divider.default\">\n\t\t\t\t<div class=\"elementor-widget-container\">\n\t\t\t\t\t<div class=\"elementor-divider\">\n\t\t\t<span class=\"elementor-divider-separator\">\n\t\t\t\t\t\t<\/span>\n\t\t<\/div>\n\t\t\t\t<\/div>\n\t\t\t\t<\/div>\n\t\t\t\t<div class=\"elementor-element elementor-element-917fcab elementor-widget__width-initial elementor-widget elementor-widget-text-editor\" data-id=\"917fcab\" data-element_type=\"widget\" data-widget_type=\"text-editor.default\">\n\t\t\t\t<div class=\"elementor-widget-container\">\n\t\t\t\t\t\t\t<p><b><span class=\"OYPEnA font-feature-liga-off font-feature-clig-off font-feature-calt-off text-decoration-none text-strikethrough-none\">Datorit\u0103 propriet\u0103\u021bilor sale bune de topire, feliile de br\u00e2nz\u0103 cheddar sunt numai bune pentru gratinarea \u0219i \u00eenvelirea alimentelor, reu\u0219ind astfel s\u0103 rafineze m\u00e2nc\u0103rurile \u0219i sosurile.<\/span><br \/><br \/>Packaging<\/b> 9 pachete* 1,082kg\/bax. Greutate net\u0103 bax: 9,738kg<br \/><b><br \/>Allergens<\/b> Poate con\u021bine urme de alergeni conform specifica\u021biilor de pe etichet\u0103.<br \/><b><br \/>Valori nutri\u021bionale medii\/ 100g produs:<br \/><\/b>Valoare energetic\u0103 1095kJ \/ 263 kcal,<br \/>Gr\u0103simi 18g,<br \/>din care gr\u0103simi saturate: 12g,<br \/>Carbohidra\u021bi: 3.7g,<br \/>din care zaharuri: 3.7g,<br \/>Proteine: 20g,<br \/>Sare: 3.7g.<\/p><p><b>Terms of validity:<\/b> 7 luni daca produsul se depoziteaz\u0103 la o temperatur\u0103 \u00eentre 1\u00b0C si 7 \u00b0C. Dup\u0103 deschidere utiliza\u021bi \u00een termen de 4 zile.<\/p>\t\t\t\t\t\t<\/div>\n\t\t\t\t<\/div>\n\t\t\t\t<div class=\"elementor-element elementor-element-a357bce elementor-widget elementor-widget-text-editor\" data-id=\"a357bce\" data-element_type=\"widget\" data-widget_type=\"text-editor.default\">\n\t\t\t\t<div class=\"elementor-widget-container\">\n\t\t\t\t\t\t\t<p><em>The image is for informational purposes only.<\/em><\/p>\t\t\t\t\t\t<\/div>\n\t\t\t\t<\/div>\n\t\t\t\t<div class=\"elementor-element elementor-element-1b227e2 elementor-widget__width-auto elementor-widget elementor-widget-ld_button\" data-id=\"1b227e2\" data-element_type=\"widget\" data-widget_type=\"ld_button.default\">\n\t\t\t\t<div class=\"elementor-widget-container\">\n\t\t\t\n\t\t\t<a\n\t\t\t\thref=\"https:\/\/cinardistribution.ro\/en\/contact\/\"class=\"elementor-button btn btn-underlined border-thin btn-icon-shaped btn-has-label\"\t\t\t>\n\t\t\t\t\t\t\t\t\t<span data-text=\"Ia legatura cu un consultant!\" class=\"btn-txt\">\n\t\t\t\t\t\tContact a consultant\t\t\t\t\t<\/span>\n\t\t\t\t\t\t\t\t\t\t\t<\/a>\n\t\t\t\t\t<\/div>\n\t\t\t\t<\/div>\n\t\t\t\t\t<\/div>\n\t\t<\/div>\n\t\t\t\t\t<\/div>\n\t\t<\/section>\n\t\t\t\t<\/div>","protected":false},"excerpt":{"rendered":"<p>We source the best products for you. Datorit\u0103 propriet\u0103\u021bilor sale bune de topire, feliile de br\u00e2nz\u0103 cheddar sunt numai bune pentru gratinarea \u0219i \u00eenvelirea alimentelor, reu\u0219ind astfel s\u0103 rafineze m\u00e2nc\u0103rurile \u0219i sosurile. Ambalare: 9 pachete* 1,082kg\/bax. Greutate net\u0103 bax: 9,738kgAlergeni: Poate con\u021bine urme de alergeni conform specifica\u021biilor de pe etichet\u0103.Valori nutri\u021bionale medii\/ 100g produs:Valoare energetic\u0103 [&hellip;]<\/p>","protected":false},"author":1,"featured_media":0,"parent":418,"menu_order":0,"comment_status":"closed","ping_status":"closed","template":"elementor_header_footer","meta":{"footnotes":""},"class_list":["post-3813","page","type-page","status-publish","hentry"],"yoast_head":"<!-- This site is optimized with the Yoast SEO plugin v22.0 - https:\/\/yoast.com\/wordpress\/plugins\/seo\/ -->\n<title>Felii de branza cheddar pentru burger (88 felii de 12,3g) - Cinar Food Distribution<\/title>\n<meta name=\"robots\" content=\"index, follow, max-snippet:-1, max-image-preview:large, max-video-preview:-1\" \/>\n<link rel=\"canonical\" href=\"https:\/\/cinardistribution.ro\/en\/produse\/felii-de-branza-cheddar-pentru-burger-88-felii-de-123g\/\" \/>\n<meta property=\"og:locale\" content=\"en_US\" \/>\n<meta property=\"og:type\" content=\"article\" \/>\n<meta property=\"og:title\" content=\"Felii de branza cheddar pentru burger (88 felii de 12,3g) - Cinar Food Distribution\" \/>\n<meta property=\"og:description\" content=\"We source the best products for you. Datorit\u0103 propriet\u0103\u021bilor sale bune de topire, feliile de br\u00e2nz\u0103 cheddar sunt numai bune pentru gratinarea \u0219i \u00eenvelirea alimentelor, reu\u0219ind astfel s\u0103 rafineze m\u00e2nc\u0103rurile \u0219i sosurile. Ambalare: 9 pachete* 1,082kg\/bax. Greutate net\u0103 bax: 9,738kgAlergeni: Poate con\u021bine urme de alergeni conform specifica\u021biilor de pe etichet\u0103.Valori nutri\u021bionale medii\/ 100g produs:Valoare energetic\u0103 [&hellip;]\" \/>\n<meta property=\"og:url\" content=\"https:\/\/cinardistribution.ro\/en\/produse\/felii-de-branza-cheddar-pentru-burger-88-felii-de-123g\/\" \/>\n<meta property=\"og:site_name\" content=\"Cinar Food Distribution\" \/>\n<meta property=\"article:modified_time\" content=\"2025-03-26T09:27:52+00:00\" \/>\n<meta property=\"og:image\" content=\"https:\/\/cinardistribution.ro\/wp-content\/uploads\/2025\/03\/Felii-de-branza-cheddar-pentru-burger-Cinar.png\" \/>\n<meta name=\"twitter:card\" content=\"summary_large_image\" \/>\n<meta name=\"twitter:label1\" content=\"Est. reading time\" \/>\n\t<meta name=\"twitter:data1\" content=\"1 minute\" \/>\n<script type=\"application\/ld+json\" class=\"yoast-schema-graph\">{\"@context\":\"https:\/\/schema.org\",\"@graph\":[{\"@type\":\"WebPage\",\"@id\":\"https:\/\/cinardistribution.ro\/produse\/felii-de-branza-cheddar-pentru-burger-88-felii-de-123g\/\",\"url\":\"https:\/\/cinardistribution.ro\/produse\/felii-de-branza-cheddar-pentru-burger-88-felii-de-123g\/\",\"name\":\"Felii de branza cheddar pentru burger (88 felii de 12,3g) - Cinar Food Distribution\",\"isPartOf\":{\"@id\":\"https:\/\/cinardistribution.ro\/#website\"},\"datePublished\":\"2024-01-29T13:34:40+00:00\",\"dateModified\":\"2025-03-26T09:27:52+00:00\",\"breadcrumb\":{\"@id\":\"https:\/\/cinardistribution.ro\/produse\/felii-de-branza-cheddar-pentru-burger-88-felii-de-123g\/#breadcrumb\"},\"inLanguage\":\"en-US\",\"potentialAction\":[{\"@type\":\"ReadAction\",\"target\":[\"https:\/\/cinardistribution.ro\/produse\/felii-de-branza-cheddar-pentru-burger-88-felii-de-123g\/\"]}]},{\"@type\":\"BreadcrumbList\",\"@id\":\"https:\/\/cinardistribution.ro\/produse\/felii-de-branza-cheddar-pentru-burger-88-felii-de-123g\/#breadcrumb\",\"itemListElement\":[{\"@type\":\"ListItem\",\"position\":1,\"name\":\"Home\",\"item\":\"https:\/\/cinardistribution.ro\/\"},{\"@type\":\"ListItem\",\"position\":2,\"name\":\"Produse\",\"item\":\"https:\/\/cinardistribution.ro\/produse\/\"},{\"@type\":\"ListItem\",\"position\":3,\"name\":\"Felii de branza cheddar pentru burger (88 felii de 12,3g)\"}]},{\"@type\":\"WebSite\",\"@id\":\"https:\/\/cinardistribution.ro\/#website\",\"url\":\"https:\/\/cinardistribution.ro\/\",\"name\":\"Cinar Food Distribution\",\"description\":\"Distribuitor produse fast-food\",\"potentialAction\":[{\"@type\":\"SearchAction\",\"target\":{\"@type\":\"EntryPoint\",\"urlTemplate\":\"https:\/\/cinardistribution.ro\/?s={search_term_string}\"},\"query-input\":\"required name=search_term_string\"}],\"inLanguage\":\"en-US\"}]}<\/script>\n<!-- \/ Yoast SEO plugin. -->","yoast_head_json":{"title":"Felii de branza cheddar pentru burger (88 felii de 12,3g) - Cinar Food Distribution","robots":{"index":"index","follow":"follow","max-snippet":"max-snippet:-1","max-image-preview":"max-image-preview:large","max-video-preview":"max-video-preview:-1"},"canonical":"https:\/\/cinardistribution.ro\/en\/produse\/felii-de-branza-cheddar-pentru-burger-88-felii-de-123g\/","og_locale":"en_US","og_type":"article","og_title":"Felii de branza cheddar pentru burger (88 felii de 12,3g) - Cinar Food Distribution","og_description":"We source the best products for you. Datorit\u0103 propriet\u0103\u021bilor sale bune de topire, feliile de br\u00e2nz\u0103 cheddar sunt numai bune pentru gratinarea \u0219i \u00eenvelirea alimentelor, reu\u0219ind astfel s\u0103 rafineze m\u00e2nc\u0103rurile \u0219i sosurile. Ambalare: 9 pachete* 1,082kg\/bax. Greutate net\u0103 bax: 9,738kgAlergeni: Poate con\u021bine urme de alergeni conform specifica\u021biilor de pe etichet\u0103.Valori nutri\u021bionale medii\/ 100g produs:Valoare energetic\u0103 [&hellip;]","og_url":"https:\/\/cinardistribution.ro\/en\/produse\/felii-de-branza-cheddar-pentru-burger-88-felii-de-123g\/","og_site_name":"Cinar Food Distribution","article_modified_time":"2025-03-26T09:27:52+00:00","og_image":[{"url":"https:\/\/cinardistribution.ro\/wp-content\/uploads\/2025\/03\/Felii-de-branza-cheddar-pentru-burger-Cinar.png"}],"twitter_card":"summary_large_image","twitter_misc":{"Est. reading time":"1 minute"},"schema":{"@context":"https:\/\/schema.org","@graph":[{"@type":"WebPage","@id":"https:\/\/cinardistribution.ro\/produse\/felii-de-branza-cheddar-pentru-burger-88-felii-de-123g\/","url":"https:\/\/cinardistribution.ro\/produse\/felii-de-branza-cheddar-pentru-burger-88-felii-de-123g\/","name":"Felii de branza cheddar pentru burger (88 felii de 12,3g) - Cinar Food Distribution","isPartOf":{"@id":"https:\/\/cinardistribution.ro\/#website"},"datePublished":"2024-01-29T13:34:40+00:00","dateModified":"2025-03-26T09:27:52+00:00","breadcrumb":{"@id":"https:\/\/cinardistribution.ro\/produse\/felii-de-branza-cheddar-pentru-burger-88-felii-de-123g\/#breadcrumb"},"inLanguage":"en-US","potentialAction":[{"@type":"ReadAction","target":["https:\/\/cinardistribution.ro\/produse\/felii-de-branza-cheddar-pentru-burger-88-felii-de-123g\/"]}]},{"@type":"BreadcrumbList","@id":"https:\/\/cinardistribution.ro\/produse\/felii-de-branza-cheddar-pentru-burger-88-felii-de-123g\/#breadcrumb","itemListElement":[{"@type":"ListItem","position":1,"name":"Home","item":"https:\/\/cinardistribution.ro\/"},{"@type":"ListItem","position":2,"name":"Produse","item":"https:\/\/cinardistribution.ro\/produse\/"},{"@type":"ListItem","position":3,"name":"Felii de branza cheddar pentru burger (88 felii de 12,3g)"}]},{"@type":"WebSite","@id":"https:\/\/cinardistribution.ro\/#website","url":"https:\/\/cinardistribution.ro\/","name":"Cinar Food Distribution","description":"Distribuitor produse fast-food","potentialAction":[{"@type":"SearchAction","target":{"@type":"EntryPoint","urlTemplate":"https:\/\/cinardistribution.ro\/?s={search_term_string}"},"query-input":"required name=search_term_string"}],"inLanguage":"en-US"}]}},"_links":{"self":[{"href":"https:\/\/cinardistribution.ro\/en\/wp-json\/wp\/v2\/pages\/3813","targetHints":{"allow":["GET"]}}],"collection":[{"href":"https:\/\/cinardistribution.ro\/en\/wp-json\/wp\/v2\/pages"}],"about":[{"href":"https:\/\/cinardistribution.ro\/en\/wp-json\/wp\/v2\/types\/page"}],"author":[{"embeddable":true,"href":"https:\/\/cinardistribution.ro\/en\/wp-json\/wp\/v2\/users\/1"}],"replies":[{"embeddable":true,"href":"https:\/\/cinardistribution.ro\/en\/wp-json\/wp\/v2\/comments?post=3813"}],"version-history":[{"count":7,"href":"https:\/\/cinardistribution.ro\/en\/wp-json\/wp\/v2\/pages\/3813\/revisions"}],"predecessor-version":[{"id":4023,"href":"https:\/\/cinardistribution.ro\/en\/wp-json\/wp\/v2\/pages\/3813\/revisions\/4023"}],"up":[{"embeddable":true,"href":"https:\/\/cinardistribution.ro\/en\/wp-json\/wp\/v2\/pages\/418"}],"wp:attachment":[{"href":"https:\/\/cinardistribution.ro\/en\/wp-json\/wp\/v2\/media?parent=3813"}],"curies":[{"name":"wp","href":"https:\/\/api.w.org\/{rel}","templated":true}]}}