{"id":4399,"date":"2025-07-10T13:21:02","date_gmt":"2025-07-10T11:21:02","guid":{"rendered":"https:\/\/cinardistribution.ro\/?page_id=4399"},"modified":"2025-07-10T13:21:42","modified_gmt":"2025-07-10T11:21:42","slug":"lavash-75gr","status":"publish","type":"page","link":"https:\/\/cinardistribution.ro\/en\/produse\/lavash-75gr\/","title":{"rendered":"LAVASH 75Gr"},"content":{"rendered":"<div data-elementor-type=\"wp-page\" data-elementor-id=\"4399\" class=\"elementor elementor-4399\">\n\t\t\t\t\t\t<section class=\"elementor-section elementor-top-section elementor-element elementor-element-4f6a11b1 elementor-section-height-min-height elementor-section-boxed elementor-section-height-default elementor-section-items-middle\" data-id=\"4f6a11b1\" data-element_type=\"section\" data-settings=\"{&quot;background_background&quot;:&quot;classic&quot;}\">\n\t\t\t\t\t\t\t<div class=\"elementor-background-overlay\"><\/div>\n\t\t\t\t\t\t\t<div class=\"elementor-container elementor-column-gap-default\">\n\t\t\t\t\t<div class=\"elementor-column elementor-col-100 elementor-top-column elementor-element elementor-element-3eeb867\" data-id=\"3eeb867\" data-element_type=\"column\">\n\t\t\t<div class=\"elementor-widget-wrap elementor-element-populated\">\n\t\t\t\t\t\t<div class=\"elementor-element elementor-element-0847324 elementor-widget-divider--view-line elementor-widget elementor-widget-divider\" data-id=\"0847324\" data-element_type=\"widget\" data-widget_type=\"divider.default\">\n\t\t\t\t<div class=\"elementor-widget-container\">\n\t\t\t<style>\/*! elementor - v3.19.0 - 07-02-2024 *\/\n.elementor-widget-divider{--divider-border-style:none;--divider-border-width:1px;--divider-color:#0c0d0e;--divider-icon-size:20px;--divider-element-spacing:10px;--divider-pattern-height:24px;--divider-pattern-size:20px;--divider-pattern-url:none;--divider-pattern-repeat:repeat-x}.elementor-widget-divider .elementor-divider{display:flex}.elementor-widget-divider .elementor-divider__text{font-size:15px;line-height:1;max-width:95%}.elementor-widget-divider .elementor-divider__element{margin:0 var(--divider-element-spacing);flex-shrink:0}.elementor-widget-divider .elementor-icon{font-size:var(--divider-icon-size)}.elementor-widget-divider .elementor-divider-separator{display:flex;margin:0;direction:ltr}.elementor-widget-divider--view-line_icon .elementor-divider-separator,.elementor-widget-divider--view-line_text .elementor-divider-separator{align-items:center}.elementor-widget-divider--view-line_icon .elementor-divider-separator:after,.elementor-widget-divider--view-line_icon .elementor-divider-separator:before,.elementor-widget-divider--view-line_text .elementor-divider-separator:after,.elementor-widget-divider--view-line_text .elementor-divider-separator:before{display:block;content:\"\";border-block-end:0;flex-grow:1;border-block-start:var(--divider-border-width) var(--divider-border-style) var(--divider-color)}.elementor-widget-divider--element-align-left .elementor-divider .elementor-divider-separator>.elementor-divider__svg:first-of-type{flex-grow:0;flex-shrink:100}.elementor-widget-divider--element-align-left .elementor-divider-separator:before{content:none}.elementor-widget-divider--element-align-left .elementor-divider__element{margin-left:0}.elementor-widget-divider--element-align-right .elementor-divider .elementor-divider-separator>.elementor-divider__svg:last-of-type{flex-grow:0;flex-shrink:100}.elementor-widget-divider--element-align-right .elementor-divider-separator:after{content:none}.elementor-widget-divider--element-align-right .elementor-divider__element{margin-right:0}.elementor-widget-divider--element-align-start .elementor-divider .elementor-divider-separator>.elementor-divider__svg:first-of-type{flex-grow:0;flex-shrink:100}.elementor-widget-divider--element-align-start .elementor-divider-separator:before{content:none}.elementor-widget-divider--element-align-start .elementor-divider__element{margin-inline-start:0}.elementor-widget-divider--element-align-end .elementor-divider .elementor-divider-separator>.elementor-divider__svg:last-of-type{flex-grow:0;flex-shrink:100}.elementor-widget-divider--element-align-end .elementor-divider-separator:after{content:none}.elementor-widget-divider--element-align-end .elementor-divider__element{margin-inline-end:0}.elementor-widget-divider:not(.elementor-widget-divider--view-line_text):not(.elementor-widget-divider--view-line_icon) .elementor-divider-separator{border-block-start:var(--divider-border-width) var(--divider-border-style) var(--divider-color)}.elementor-widget-divider--separator-type-pattern{--divider-border-style:none}.elementor-widget-divider--separator-type-pattern.elementor-widget-divider--view-line .elementor-divider-separator,.elementor-widget-divider--separator-type-pattern:not(.elementor-widget-divider--view-line) .elementor-divider-separator:after,.elementor-widget-divider--separator-type-pattern:not(.elementor-widget-divider--view-line) .elementor-divider-separator:before,.elementor-widget-divider--separator-type-pattern:not([class*=elementor-widget-divider--view]) .elementor-divider-separator{width:100%;min-height:var(--divider-pattern-height);-webkit-mask-size:var(--divider-pattern-size) 100%;mask-size:var(--divider-pattern-size) 100%;-webkit-mask-repeat:var(--divider-pattern-repeat);mask-repeat:var(--divider-pattern-repeat);background-color:var(--divider-color);-webkit-mask-image:var(--divider-pattern-url);mask-image:var(--divider-pattern-url)}.elementor-widget-divider--no-spacing{--divider-pattern-size:auto}.elementor-widget-divider--bg-round{--divider-pattern-repeat:round}.rtl .elementor-widget-divider .elementor-divider__text{direction:rtl}.e-con-inner>.elementor-widget-divider,.e-con>.elementor-widget-divider{width:var(--container-widget-width,100%);--flex-grow:var(--container-widget-flex-grow)}<\/style>\t\t<div class=\"elementor-divider\">\n\t\t\t<span class=\"elementor-divider-separator\">\n\t\t\t\t\t\t<\/span>\n\t\t<\/div>\n\t\t\t\t<\/div>\n\t\t\t\t<\/div>\n\t\t\t\t<div class=\"elementor-element elementor-element-19a52d9 elementor-widget elementor-widget-text-editor\" data-id=\"19a52d9\" data-element_type=\"widget\" data-widget_type=\"text-editor.default\">\n\t\t\t\t<div class=\"elementor-widget-container\">\n\t\t\t<style>\/*! elementor - v3.19.0 - 07-02-2024 *\/\n.elementor-widget-text-editor.elementor-drop-cap-view-stacked .elementor-drop-cap{background-color:#69727d;color:#fff}.elementor-widget-text-editor.elementor-drop-cap-view-framed .elementor-drop-cap{color:#69727d;border:3px solid;background-color:transparent}.elementor-widget-text-editor:not(.elementor-drop-cap-view-default) .elementor-drop-cap{margin-top:8px}.elementor-widget-text-editor:not(.elementor-drop-cap-view-default) .elementor-drop-cap-letter{width:1em;height:1em}.elementor-widget-text-editor .elementor-drop-cap{float:left;text-align:center;line-height:1;font-size:50px}.elementor-widget-text-editor .elementor-drop-cap-letter{display:inline-block}<\/style>\t\t\t\tWe source the best products for you. \t\t\t\t\t\t<\/div>\n\t\t\t\t<\/div>\n\t\t\t\t<div class=\"elementor-element elementor-element-6353cec elementor-widget elementor-widget-hub_fancy_heading\" data-id=\"6353cec\" data-element_type=\"widget\" data-widget_type=\"hub_fancy_heading.default\">\n\t\t\t\t<div class=\"elementor-widget-container\">\n\t\t\t\n\t\t<div id=\"ld-fancy-heading-69ed0aba129aa\" class=\"ld-fancy-heading pos-rel\">\n\t\t\t<h1 class=\"ld-fh-element d-inline-block pos-rel  elementor-heading-title lqd-highlight-classic lqd-highlight-grow-left h1\"  > LAVASH 75Gr<\/h1>\t\t<\/div>\n\n\t\t\t\t<\/div>\n\t\t\t\t<\/div>\n\t\t\t\t\t<\/div>\n\t\t<\/div>\n\t\t\t\t\t<\/div>\n\t\t<\/section>\n\t\t\t\t<section class=\"elementor-section elementor-top-section elementor-element elementor-element-88fc9fa elementor-section-boxed elementor-section-height-default elementor-section-height-default\" data-id=\"88fc9fa\" data-element_type=\"section\">\n\t\t\t\t\t\t<div class=\"elementor-container elementor-column-gap-default\">\n\t\t\t\t\t<div class=\"elementor-column elementor-col-50 elementor-top-column elementor-element elementor-element-d6a724e\" data-id=\"d6a724e\" data-element_type=\"column\">\n\t\t\t<div class=\"elementor-widget-wrap elementor-element-populated\">\n\t\t\t\t\t\t<div class=\"elementor-element elementor-element-dc9348c elementor-widget elementor-widget-ld_fancy_image\" data-id=\"dc9348c\" data-element_type=\"widget\" data-settings=\"{&quot;sticky&quot;:&quot;top&quot;,&quot;sticky_offset&quot;:140,&quot;sticky_parent&quot;:&quot;yes&quot;,&quot;sticky_on&quot;:[&quot;desktop&quot;,&quot;tablet&quot;,&quot;mobile&quot;],&quot;sticky_effects_offset&quot;:0}\" data-widget_type=\"ld_fancy_image.default\">\n\t\t\t\t<div class=\"elementor-widget-container\">\n\t\t\t\n\t\t<div class=\"lqd-imggrp-single d-block pos-rel\" data-shadow-style=\"1\">\n\t\t\t<div class=\"lqd-imggrp-img-container d-inline-flex pos-rel align-items-center justify-content-center\">\n\t\t\t\t\t\t\t\t<figure class=\"w-100 pos-rel\" data-reveal=\"true\" data-reveal-options=\"{&quot;direction&quot;:&quot;lr&quot;}\">\n\t\t\t\t\t<img fetchpriority=\"high\" decoding=\"async\" width=\"1200\" height=\"1600\" src=\"https:\/\/cinardistribution.ro\/wp-content\/uploads\/2025\/07\/LAVASH-75Gr.jpg\" class=\"attachment-full size-full wp-image-4401\" alt=\"\" srcset=\"https:\/\/cinardistribution.ro\/wp-content\/uploads\/2025\/07\/LAVASH-75Gr.jpg 1200w, https:\/\/cinardistribution.ro\/wp-content\/uploads\/2025\/07\/LAVASH-75Gr-225x300.jpg 225w, https:\/\/cinardistribution.ro\/wp-content\/uploads\/2025\/07\/LAVASH-75Gr-768x1024.jpg 768w, https:\/\/cinardistribution.ro\/wp-content\/uploads\/2025\/07\/LAVASH-75Gr-9x12.jpg 9w, https:\/\/cinardistribution.ro\/wp-content\/uploads\/2025\/07\/LAVASH-75Gr-1152x1536.jpg 1152w\" sizes=\"(max-width: 1200px) 100vw, 1200px\" \/>\t\t\t\t\t\t\t\t\t\t\t\t\t\t\t\t\t\t\t\t\t\t\t\t\t\t\t\t\t<\/figure>\n\t\t\t<\/div>\n\t\t<\/div>\n\n\t\t\t<\/div>\n\t\t\t\t<\/div>\n\t\t\t\t\t<\/div>\n\t\t<\/div>\n\t\t\t\t<div class=\"elementor-column elementor-col-50 elementor-top-column elementor-element elementor-element-30e3354\" data-id=\"30e3354\" data-element_type=\"column\">\n\t\t\t<div class=\"elementor-widget-wrap elementor-element-populated\">\n\t\t\t\t\t\t<div class=\"elementor-element elementor-element-d3fbe8d elementor-widget-divider--view-line elementor-widget elementor-widget-divider\" data-id=\"d3fbe8d\" data-element_type=\"widget\" data-widget_type=\"divider.default\">\n\t\t\t\t<div class=\"elementor-widget-container\">\n\t\t\t\t\t<div class=\"elementor-divider\">\n\t\t\t<span class=\"elementor-divider-separator\">\n\t\t\t\t\t\t<\/span>\n\t\t<\/div>\n\t\t\t\t<\/div>\n\t\t\t\t<\/div>\n\t\t\t\t<div class=\"elementor-element elementor-element-917fcab elementor-widget elementor-widget-text-editor\" data-id=\"917fcab\" data-element_type=\"widget\" data-widget_type=\"text-editor.default\">\n\t\t\t\t<div class=\"elementor-widget-container\">\n\t\t\t\t\t\t\t<p><span style=\"font-weight: 400;\">Lavash sub\u021bire \u0219i flexibil, ideal pentru rulouri, kebab sau servire al\u0103turi de preparate orientale. Se manevreaz\u0103 u\u0219or, perfect pentru utilizare intens\u0103 \u00een buc\u0103t\u0103riile profesionale.<\/span><\/p><p><b>Allergens <\/b><span style=\"font-weight: 400;\">Poate contine urme de alergeni conform specificatiilor de pe eticheta.<\/span><\/p><p><b>Packaging <\/b><span style=\"font-weight: 400;\">box 100 buc\u0103\u021bi (10 pungi*10 bucati)<\/span><\/p><p><b>Gramaj:<\/b><span style=\"font-weight: 400;\"> 75 gr\/buc.<\/span><\/p><p><b>Terms of validity:<\/b><span style=\"font-weight: 400;\"> 12 luni de la productie daca produsul se pastreaza la temperaturi de -18\u00b0C. Dupa decongelare, a se consuma \u00een maximum 24 ore.<\/span><\/p><p><b>Cooking instruction:<\/b><span style=\"font-weight: 400;\"> sunt gata de servit dupa decongelare.<\/span><\/p><p><span style=\"font-weight: 400;\">Valori Nutritionale la 100g:<\/span><\/p><p><span style=\"font-weight: 400;\">Valoare energetic\u0103 (kj): 1545,25\u00a0<\/span><\/p><p><span style=\"font-weight: 400;\">Valoare energetic\u0103 (kCal): 370.70\u00a0<\/span><\/p><p><span style=\"font-weight: 400;\">Gr\u0103simi (g): 23.30\u00a0 din care acizi grasi saturati (g): 5.50<\/span><\/p><p><span style=\"font-weight: 400;\">Glucide (g): 32.07 g din care Zaharuri (g): 1.06\u00a0<\/span><\/p><p><span style=\"font-weight: 400;\">Proteina (g): 7.08\u00a0<\/span><\/p><p><span style=\"font-weight: 400;\">Sare Iodata (g): 1.35\u00a0<\/span><\/p><p><i><span style=\"font-weight: 400;\">Produs in Rom\u00e2nia<\/span><\/i><\/p>\t\t\t\t\t\t<\/div>\n\t\t\t\t<\/div>\n\t\t\t\t<div class=\"elementor-element elementor-element-173eb9a elementor-widget elementor-widget-text-editor\" data-id=\"173eb9a\" data-element_type=\"widget\" data-widget_type=\"text-editor.default\">\n\t\t\t\t<div class=\"elementor-widget-container\">\n\t\t\t\t\t\t\t<p><em>The image is for informational purposes only.<\/em><\/p>\t\t\t\t\t\t<\/div>\n\t\t\t\t<\/div>\n\t\t\t\t<div class=\"elementor-element elementor-element-ded13f1 elementor-widget__width-auto elementor-widget elementor-widget-ld_button\" data-id=\"ded13f1\" data-element_type=\"widget\" data-widget_type=\"ld_button.default\">\n\t\t\t\t<div class=\"elementor-widget-container\">\n\t\t\t\n\t\t\t<a\n\t\t\t\thref=\"https:\/\/cinardistribution.ro\/en\/contact\/\"class=\"elementor-button btn btn-underlined border-thin btn-icon-shaped btn-has-label\"\t\t\t>\n\t\t\t\t\t\t\t\t\t<span data-text=\"Ia legatura cu un consultant!\" class=\"btn-txt\">\n\t\t\t\t\t\tContact a consultant\t\t\t\t\t<\/span>\n\t\t\t\t\t\t\t\t\t\t\t<\/a>\n\t\t\t\t\t<\/div>\n\t\t\t\t<\/div>\n\t\t\t\t\t<\/div>\n\t\t<\/div>\n\t\t\t\t\t<\/div>\n\t\t<\/section>\n\t\t\t\t<\/div>","protected":false},"excerpt":{"rendered":"<p>We source the best products for you. Lavash sub\u021bire \u0219i flexibil, ideal pentru rulouri, kebab sau servire al\u0103turi de preparate orientale. Se manevreaz\u0103 u\u0219or, perfect pentru utilizare intens\u0103 \u00een buc\u0103t\u0103riile profesionale. Alergeni: Poate contine urme de alergeni conform specificatiilor de pe eticheta. Ambalare: box 100 buc\u0103\u021bi (10 pungi*10 bucati) Gramaj: 75 gr\/buc. Termen de valabilitate: [&hellip;]<\/p>","protected":false},"author":1,"featured_media":0,"parent":418,"menu_order":0,"comment_status":"closed","ping_status":"closed","template":"elementor_header_footer","meta":{"footnotes":""},"class_list":["post-4399","page","type-page","status-publish","hentry"],"yoast_head":"<!-- This site is optimized with the Yoast SEO plugin v22.0 - https:\/\/yoast.com\/wordpress\/plugins\/seo\/ -->\n<title>LAVASH 75Gr - Cinar Food Distribution<\/title>\n<meta name=\"robots\" content=\"index, follow, max-snippet:-1, max-image-preview:large, max-video-preview:-1\" \/>\n<link rel=\"canonical\" href=\"https:\/\/cinardistribution.ro\/en\/produse\/lavash-75gr\/\" \/>\n<meta property=\"og:locale\" content=\"en_US\" \/>\n<meta property=\"og:type\" content=\"article\" \/>\n<meta property=\"og:title\" content=\"LAVASH 75Gr - Cinar Food Distribution\" \/>\n<meta property=\"og:description\" content=\"We source the best products for you. Lavash sub\u021bire \u0219i flexibil, ideal pentru rulouri, kebab sau servire al\u0103turi de preparate orientale. Se manevreaz\u0103 u\u0219or, perfect pentru utilizare intens\u0103 \u00een buc\u0103t\u0103riile profesionale. Alergeni: Poate contine urme de alergeni conform specificatiilor de pe eticheta. Ambalare: box 100 buc\u0103\u021bi (10 pungi*10 bucati) Gramaj: 75 gr\/buc. Termen de valabilitate: [&hellip;]\" \/>\n<meta property=\"og:url\" content=\"https:\/\/cinardistribution.ro\/en\/produse\/lavash-75gr\/\" \/>\n<meta property=\"og:site_name\" content=\"Cinar Food Distribution\" \/>\n<meta property=\"article:modified_time\" content=\"2025-07-10T11:21:42+00:00\" \/>\n<meta property=\"og:image\" content=\"https:\/\/cinardistribution.ro\/wp-content\/uploads\/2025\/07\/LAVASH-75Gr.jpg\" \/>\n<meta name=\"twitter:card\" content=\"summary_large_image\" \/>\n<meta name=\"twitter:label1\" content=\"Est. reading time\" \/>\n\t<meta name=\"twitter:data1\" content=\"2 minutes\" \/>\n<script type=\"application\/ld+json\" class=\"yoast-schema-graph\">{\"@context\":\"https:\/\/schema.org\",\"@graph\":[{\"@type\":\"WebPage\",\"@id\":\"https:\/\/cinardistribution.ro\/produse\/lavash-75gr\/\",\"url\":\"https:\/\/cinardistribution.ro\/produse\/lavash-75gr\/\",\"name\":\"LAVASH 75Gr - Cinar Food Distribution\",\"isPartOf\":{\"@id\":\"https:\/\/cinardistribution.ro\/#website\"},\"datePublished\":\"2025-07-10T11:21:02+00:00\",\"dateModified\":\"2025-07-10T11:21:42+00:00\",\"breadcrumb\":{\"@id\":\"https:\/\/cinardistribution.ro\/produse\/lavash-75gr\/#breadcrumb\"},\"inLanguage\":\"en-US\",\"potentialAction\":[{\"@type\":\"ReadAction\",\"target\":[\"https:\/\/cinardistribution.ro\/produse\/lavash-75gr\/\"]}]},{\"@type\":\"BreadcrumbList\",\"@id\":\"https:\/\/cinardistribution.ro\/produse\/lavash-75gr\/#breadcrumb\",\"itemListElement\":[{\"@type\":\"ListItem\",\"position\":1,\"name\":\"Home\",\"item\":\"https:\/\/cinardistribution.ro\/\"},{\"@type\":\"ListItem\",\"position\":2,\"name\":\"Produse\",\"item\":\"https:\/\/cinardistribution.ro\/produse\/\"},{\"@type\":\"ListItem\",\"position\":3,\"name\":\"LAVASH 75Gr\"}]},{\"@type\":\"WebSite\",\"@id\":\"https:\/\/cinardistribution.ro\/#website\",\"url\":\"https:\/\/cinardistribution.ro\/\",\"name\":\"Cinar Food Distribution\",\"description\":\"Distribuitor produse fast-food\",\"potentialAction\":[{\"@type\":\"SearchAction\",\"target\":{\"@type\":\"EntryPoint\",\"urlTemplate\":\"https:\/\/cinardistribution.ro\/?s={search_term_string}\"},\"query-input\":\"required name=search_term_string\"}],\"inLanguage\":\"en-US\"}]}<\/script>\n<!-- \/ Yoast SEO plugin. -->","yoast_head_json":{"title":"LAVASH 75Gr - Cinar Food Distribution","robots":{"index":"index","follow":"follow","max-snippet":"max-snippet:-1","max-image-preview":"max-image-preview:large","max-video-preview":"max-video-preview:-1"},"canonical":"https:\/\/cinardistribution.ro\/en\/produse\/lavash-75gr\/","og_locale":"en_US","og_type":"article","og_title":"LAVASH 75Gr - Cinar Food Distribution","og_description":"We source the best products for you. Lavash sub\u021bire \u0219i flexibil, ideal pentru rulouri, kebab sau servire al\u0103turi de preparate orientale. Se manevreaz\u0103 u\u0219or, perfect pentru utilizare intens\u0103 \u00een buc\u0103t\u0103riile profesionale. Alergeni: Poate contine urme de alergeni conform specificatiilor de pe eticheta. Ambalare: box 100 buc\u0103\u021bi (10 pungi*10 bucati) Gramaj: 75 gr\/buc. Termen de valabilitate: [&hellip;]","og_url":"https:\/\/cinardistribution.ro\/en\/produse\/lavash-75gr\/","og_site_name":"Cinar Food Distribution","article_modified_time":"2025-07-10T11:21:42+00:00","og_image":[{"url":"https:\/\/cinardistribution.ro\/wp-content\/uploads\/2025\/07\/LAVASH-75Gr.jpg"}],"twitter_card":"summary_large_image","twitter_misc":{"Est. reading time":"2 minutes"},"schema":{"@context":"https:\/\/schema.org","@graph":[{"@type":"WebPage","@id":"https:\/\/cinardistribution.ro\/produse\/lavash-75gr\/","url":"https:\/\/cinardistribution.ro\/produse\/lavash-75gr\/","name":"LAVASH 75Gr - Cinar Food Distribution","isPartOf":{"@id":"https:\/\/cinardistribution.ro\/#website"},"datePublished":"2025-07-10T11:21:02+00:00","dateModified":"2025-07-10T11:21:42+00:00","breadcrumb":{"@id":"https:\/\/cinardistribution.ro\/produse\/lavash-75gr\/#breadcrumb"},"inLanguage":"en-US","potentialAction":[{"@type":"ReadAction","target":["https:\/\/cinardistribution.ro\/produse\/lavash-75gr\/"]}]},{"@type":"BreadcrumbList","@id":"https:\/\/cinardistribution.ro\/produse\/lavash-75gr\/#breadcrumb","itemListElement":[{"@type":"ListItem","position":1,"name":"Home","item":"https:\/\/cinardistribution.ro\/"},{"@type":"ListItem","position":2,"name":"Produse","item":"https:\/\/cinardistribution.ro\/produse\/"},{"@type":"ListItem","position":3,"name":"LAVASH 75Gr"}]},{"@type":"WebSite","@id":"https:\/\/cinardistribution.ro\/#website","url":"https:\/\/cinardistribution.ro\/","name":"Cinar Food Distribution","description":"Distribuitor produse fast-food","potentialAction":[{"@type":"SearchAction","target":{"@type":"EntryPoint","urlTemplate":"https:\/\/cinardistribution.ro\/?s={search_term_string}"},"query-input":"required name=search_term_string"}],"inLanguage":"en-US"}]}},"_links":{"self":[{"href":"https:\/\/cinardistribution.ro\/en\/wp-json\/wp\/v2\/pages\/4399","targetHints":{"allow":["GET"]}}],"collection":[{"href":"https:\/\/cinardistribution.ro\/en\/wp-json\/wp\/v2\/pages"}],"about":[{"href":"https:\/\/cinardistribution.ro\/en\/wp-json\/wp\/v2\/types\/page"}],"author":[{"embeddable":true,"href":"https:\/\/cinardistribution.ro\/en\/wp-json\/wp\/v2\/users\/1"}],"replies":[{"embeddable":true,"href":"https:\/\/cinardistribution.ro\/en\/wp-json\/wp\/v2\/comments?post=4399"}],"version-history":[{"count":4,"href":"https:\/\/cinardistribution.ro\/en\/wp-json\/wp\/v2\/pages\/4399\/revisions"}],"predecessor-version":[{"id":4407,"href":"https:\/\/cinardistribution.ro\/en\/wp-json\/wp\/v2\/pages\/4399\/revisions\/4407"}],"up":[{"embeddable":true,"href":"https:\/\/cinardistribution.ro\/en\/wp-json\/wp\/v2\/pages\/418"}],"wp:attachment":[{"href":"https:\/\/cinardistribution.ro\/en\/wp-json\/wp\/v2\/media?parent=4399"}],"curies":[{"name":"wp","href":"https:\/\/api.w.org\/{rel}","templated":true}]}}